{"id":409,"date":"2026-03-31T14:18:12","date_gmt":"2026-03-31T13:18:12","guid":{"rendered":"https:\/\/rufri.org\/index.php\/nos-membres\/"},"modified":"2026-04-02T11:15:02","modified_gmt":"2026-04-02T10:15:02","slug":"nos-membres","status":"publish","type":"page","link":"https:\/\/rufri.org\/index.php\/nos-membres\/","title":{"rendered":"Nos membres"},"content":{"rendered":"\n\n\n\n\n<p>Le RUFRI a \u00e9t\u00e9 fond\u00e9 le&nbsp;<strong>17 octobre 2024 \u00e0 Toulouse<\/strong>&nbsp;lors de la Semaine Mondiale de la Francophonie Scientifique. Il r\u00e9unit&nbsp;<strong>23 institutions fondatrices<\/strong>&nbsp;issues de&nbsp;<strong>18 pays<\/strong>, r\u00e9parties sur 5 continents, toutes engag\u00e9es pour une universit\u00e9 francophone responsable et inclusive.<\/p>\n\n\n\n\n\n\n\n\n\n\n\n\n\n\n\n\n\n\n\n\n\n\n\n\n\n\n\n\n\n\n\n\n","protected":false},"excerpt":{"rendered":"<p>Le RUFRI a \u00e9t\u00e9 fond\u00e9 le&nbsp;17 octobre 2024 \u00e0 Toulouse&nbsp;lors de la Semaine Mondiale de la Francophonie Scientifique. Il r\u00e9unit&nbsp;23 institutions fondatrices&nbsp;issues de&nbsp;18 pays, r\u00e9parties sur 5 continents, toutes engag\u00e9es pour une universit\u00e9 francophone responsable et inclusive.<\/p>\n","protected":false},"author":1,"featured_media":0,"parent":0,"menu_order":0,"comment_status":"closed","ping_status":"closed","template":"","meta":{"saved_in_kubio":true,"footnotes":""},"class_list":["post-409","page","type-page","status-publish","hentry"],"kubio_ai_page_context":{"short_desc":"","purpose":"general"},"_links":{"self":[{"href":"https:\/\/rufri.org\/index.php\/wp-json\/wp\/v2\/pages\/409","targetHints":{"allow":["GET"]}}],"collection":[{"href":"https:\/\/rufri.org\/index.php\/wp-json\/wp\/v2\/pages"}],"about":[{"href":"https:\/\/rufri.org\/index.php\/wp-json\/wp\/v2\/types\/page"}],"author":[{"embeddable":true,"href":"https:\/\/rufri.org\/index.php\/wp-json\/wp\/v2\/users\/1"}],"replies":[{"embeddable":true,"href":"https:\/\/rufri.org\/index.php\/wp-json\/wp\/v2\/comments?post=409"}],"version-history":[{"count":27,"href":"https:\/\/rufri.org\/index.php\/wp-json\/wp\/v2\/pages\/409\/revisions"}],"predecessor-version":[{"id":487,"href":"https:\/\/rufri.org\/index.php\/wp-json\/wp\/v2\/pages\/409\/revisions\/487"}],"wp:attachment":[{"href":"https:\/\/rufri.org\/index.php\/wp-json\/wp\/v2\/media?parent=409"}],"curies":[{"name":"wp","href":"https:\/\/api.w.org\/{rel}","templated":true}]}}