{"id":492,"date":"2026-04-02T11:30:10","date_gmt":"2026-04-02T10:30:10","guid":{"rendered":"https:\/\/rufri.org\/index.php\/constitution\/"},"modified":"2026-04-02T15:34:13","modified_gmt":"2026-04-02T14:34:13","slug":"constitution","status":"publish","type":"page","link":"https:\/\/rufri.org\/index.php\/constitution\/","title":{"rendered":"Constitution"},"content":{"rendered":"\n\n\n\n\n<p><strong>Proc\u00e8s-verbal de l&rsquo;assembl\u00e9e g\u00e9n\u00e9ral constitutive : <a href=\"http:\/\/rufri.org\/wp-content\/uploads\/2026\/04\/RUFRI-Proces-verbal-AGC-signe.pdf\" data-type=\"link\" data-id=\"http:\/\/rufri.org\/wp-content\/uploads\/2026\/04\/RUFRI-Proces-verbal-AGC-signe.pdf\">T\u00e9l\u00e9charger ici<\/a><\/strong><\/p>\n\n\n\n<p><strong>Publication au Journal officiel : <a href=\"http:\/\/rufri.org\/wp-content\/uploads\/2026\/04\/JOAFE_PDF_Unitaire-RUFRI_20250012_01739.pdf\" data-type=\"link\" data-id=\"http:\/\/rufri.org\/wp-content\/uploads\/2026\/04\/JOAFE_PDF_Unitaire-RUFRI_20250012_01739.pdf\">T\u00e9l\u00e9charger ici<\/a><\/strong><\/p>\n\n\n\n<p><strong>Statuts : <a href=\"http:\/\/rufri.org\/wp-content\/uploads\/2026\/04\/RUFRI-Statuts-signes-17-octobre-2024.pdf\" data-type=\"link\" data-id=\"http:\/\/rufri.org\/wp-content\/uploads\/2026\/04\/RUFRI-Statuts-signes-17-octobre-2024.pdf\">T\u00e9l\u00e9charger ici<\/a><\/strong><\/p>\n\n\n\n\n\n\n","protected":false},"excerpt":{"rendered":"<p>Proc\u00e8s-verbal de l&rsquo;assembl\u00e9e g\u00e9n\u00e9ral constitutive : T\u00e9l\u00e9charger ici Publication au Journal officiel : T\u00e9l\u00e9charger ici Statuts : T\u00e9l\u00e9charger ici<\/p>\n","protected":false},"author":1,"featured_media":0,"parent":0,"menu_order":0,"comment_status":"closed","ping_status":"closed","template":"","meta":{"saved_in_kubio":true,"footnotes":""},"class_list":["post-492","page","type-page","status-publish","hentry"],"kubio_ai_page_context":{"short_desc":"","purpose":"general"},"_links":{"self":[{"href":"https:\/\/rufri.org\/index.php\/wp-json\/wp\/v2\/pages\/492","targetHints":{"allow":["GET"]}}],"collection":[{"href":"https:\/\/rufri.org\/index.php\/wp-json\/wp\/v2\/pages"}],"about":[{"href":"https:\/\/rufri.org\/index.php\/wp-json\/wp\/v2\/types\/page"}],"author":[{"embeddable":true,"href":"https:\/\/rufri.org\/index.php\/wp-json\/wp\/v2\/users\/1"}],"replies":[{"embeddable":true,"href":"https:\/\/rufri.org\/index.php\/wp-json\/wp\/v2\/comments?post=492"}],"version-history":[{"count":3,"href":"https:\/\/rufri.org\/index.php\/wp-json\/wp\/v2\/pages\/492\/revisions"}],"predecessor-version":[{"id":532,"href":"https:\/\/rufri.org\/index.php\/wp-json\/wp\/v2\/pages\/492\/revisions\/532"}],"wp:attachment":[{"href":"https:\/\/rufri.org\/index.php\/wp-json\/wp\/v2\/media?parent=492"}],"curies":[{"name":"wp","href":"https:\/\/api.w.org\/{rel}","templated":true}]}}